{"id":17,"date":"2014-03-26T18:08:25","date_gmt":"2014-03-26T16:08:25","guid":{"rendered":"http:\/\/are-con.com\/?page_id=17"},"modified":"2016-08-12T16:07:44","modified_gmt":"2016-08-12T14:07:44","slug":"laminierbleche","status":"publish","type":"page","link":"https:\/\/are-con.com\/en\/distribution\/laminierbleche\/","title":{"rendered":"Lamination Plates"},"content":{"rendered":"<p><a href=\"http:\/\/are-con.com\/wp-content\/uploads\/2016\/03\/Fotolia_59257864_L.jpg\" rel=\"attachment wp-att-189\"><img loading=\"lazy\" decoding=\"async\" class=\"alignnone wp-image-189 size-medium\" src=\"http:\/\/are-con.com\/wp-content\/uploads\/2016\/03\/Fotolia_59257864_L-300x300.jpg\" alt=\"Silber mit linearem Strukturverlauf als Hintergrund\" width=\"300\" height=\"300\" srcset=\"https:\/\/are-con.com\/wp-content\/uploads\/2016\/03\/Fotolia_59257864_L-300x300.jpg 300w, https:\/\/are-con.com\/wp-content\/uploads\/2016\/03\/Fotolia_59257864_L-150x150.jpg 150w, https:\/\/are-con.com\/wp-content\/uploads\/2016\/03\/Fotolia_59257864_L-768x768.jpg 768w, https:\/\/are-con.com\/wp-content\/uploads\/2016\/03\/Fotolia_59257864_L-1024x1024.jpg 1024w, https:\/\/are-con.com\/wp-content\/uploads\/2016\/03\/Fotolia_59257864_L-144x144.jpg 144w, https:\/\/are-con.com\/wp-content\/uploads\/2016\/03\/Fotolia_59257864_L.jpg 1924w\" sizes=\"auto, (max-width: 300px) 100vw, 300px\" \/><\/a><\/p>\n<p><strong><span style=\"color: #cc0000;\"><b>High quality lamination plates for standard and security card manufacturing <\/b><\/span><\/strong><\/p>\n<p>&nbsp;<\/p>\n<p><span style=\"color: #cc0000;\"><b>LAMINATION PLATES<\/b><\/span><\/p>\n<ul>\n<li><span style=\"color: #333333;\">Surfaces:\u00a0glossy \/ matt \/ silk matt<\/span><\/li>\n<li><span style=\"color: #333333;\">Tactile surface structures<\/span><\/li>\n<li><span style=\"color: #333333;\">Special applications: Braille, Microtext<\/span><\/li>\n<li>Material:\u00a0Stainless steel in\u00a0different degrees of hardness<\/li>\n<\/ul>\n<p>&nbsp;<\/p>\n<table style=\"width: 1101.8px; height: 254px;\">\n<tbody>\n<tr style=\"height: 24px;\">\n<th style=\"width: 220px; height: 24px;\">DESCRIPTION<\/th>\n<th style=\"width: 220px; height: 24px;\">AC-1<\/th>\n<th style=\"width: 220px; height: 24px;\">AC-2<\/th>\n<th style=\"width: 220px; height: 24px;\">AC-3<\/th>\n<th style=\"width: 220px; height: 24px;\">AC-4<\/th>\n<\/tr>\n<tr style=\"height: 24px;\">\n<td style=\"width: 220px; height: 24px;\">Surface<\/td>\n<td style=\"width: 220px; height: 24px;\">glossy<\/td>\n<td style=\"width: 220px; height: 24px;\">matt<\/td>\n<td style=\"width: 220px; height: 24px;\">silk matt<\/td>\n<td style=\"width: 220px; height: 24px;\">matt<\/td>\n<\/tr>\n<tr style=\"height: 24px;\">\n<td style=\"width: 220px; height: 24px;\">Material<\/td>\n<td style=\"width: 220px; height: 24px;\">Stainless Steel (400 Series)<\/td>\n<td style=\"width: 220px; height: 24px;\">Stainless Steel (300 Series)<\/td>\n<td style=\"width: 220px; height: 24px;\">Stainless Steel (400 Series)<\/td>\n<td style=\"width: 220px; height: 24px;\">Stainless Steel (400 Series)<\/td>\n<\/tr>\n<tr style=\"height: 25.14px;\">\n<td style=\"width: 220px; height: 24px;\">Thickness<\/td>\n<td style=\"width: 220px; height: 24px;\">0,8 \/ 1,0 mm<\/td>\n<td style=\"width: 220px; height: 24px;\">0,8 mm<\/td>\n<td style=\"width: 220px; height: 24px;\">0,8mm<\/td>\n<td style=\"width: 220px; height: 24px;\">0,8 mm<\/td>\n<\/tr>\n<\/tbody>\n<\/table>\n<p>&nbsp;<\/p>\n<p>&nbsp;<\/p>\n<p><span style=\"color: #cc0000;\"><b>PRESS PADS<\/b><\/span><\/p>\n<p><span lang=\"en\">Ensure\u00a0optimal flow\u00a0properties and a perfect surface quality\u00a0when laminating PVC PET or PC layers<\/span><\/p>\n<p><span style=\"color: #333333;\">Press pads\u00a0for\u00a0standard (155 \u00b0C) and\u00a0high temperature\u00a0lamination procedures\u00a0(215 \u00b0C)<\/span><\/p>\n<p>&nbsp;<\/p>\n<table style=\"height: 265px;\" width=\"517\">\n<tbody>\n<tr>\n<th style=\"width: 220px; height: 24px;\">DESCRIPTION<\/th>\n<th style=\"width: 220px; height: 24px;\">\u00a0 AC-5<\/th>\n<th style=\"width: 220px; height: 24px;\">\u00a0 AC-6<\/th>\n<\/tr>\n<tr>\n<td style=\"width: 220px; height: 24px;\">\u00a0Material<\/td>\n<td style=\"width: 220px; height: 24px;\">\u00a0 Polyester<\/td>\n<td style=\"width: 220px; height: 24px;\">\u00a0 Aramid<\/td>\n<\/tr>\n<tr>\n<td style=\"width: 220px; height: 24px;\">\u00a0Weight<\/td>\n<td style=\"width: 220px; height: 24px;\">\u00a0 415 g\/m\u00b2<\/td>\n<td style=\"width: 220px; height: 24px;\">\u00a0 551 g\/m\u00b2<\/td>\n<\/tr>\n<tr>\n<td style=\"width: 220px; height: 24px;\">\u00a0Thickness<\/td>\n<td style=\"width: 220px; height: 24px;\">\u00a0 3,3 mm<\/td>\n<td style=\"width: 220px; height: 24px;\">\u00a0 3,175 mm<\/td>\n<\/tr>\n<tr>\n<td style=\"width: 220px; height: 24px;\">\u00a0Operating Temperature<\/td>\n<td style=\"width: 220px; height: 24px;\">\u00a0 155\u00b0C<\/td>\n<td style=\"width: 220px; height: 24px;\">\u00a0 215\u00b0C<\/td>\n<\/tr>\n<\/tbody>\n<\/table>\n","protected":false},"excerpt":{"rendered":"<p>High quality lamination plates for standard and security card manufacturing &nbsp; LAMINATION PLATES Surfaces:\u00a0glossy \/ matt \/ silk matt Tactile surface structures Special applications: Braille, Microtext Material:\u00a0Stainless steel in\u00a0different degrees of hardness &nbsp; DESCRIPTION AC-1 AC-2 AC-3 AC-4 Surface glossy matt silk matt matt Material Stainless Steel (400 Series) Stainless<a href=\"https:\/\/are-con.com\/en\/distribution\/laminierbleche\/\" class=\"read-more\">Read More<span> ><\/span><\/a><\/p>\n","protected":false},"author":1,"featured_media":0,"parent":13,"menu_order":50,"comment_status":"closed","ping_status":"open","template":"","meta":{"footnotes":""},"class_list":["post-17","page","type-page","status-publish","hentry"],"yoast_head":"<!-- This site is optimized with the Yoast SEO plugin v27.0 - https:\/\/yoast.com\/product\/yoast-seo-wordpress\/ -->\n<title>Lamination Plates - ARE CON GmbH &amp; Co. KG<\/title>\n<meta name=\"description\" content=\"Laminierbleche zur Herstellung von Chipkarten in verschiedenen Oberfl\u00e4chen und H\u00e4rtegraden, Spezialanwendungen wie Brailleschrift, taktile Oberfl\u00e4chen\" \/>\n<meta name=\"robots\" content=\"index, follow, max-snippet:-1, max-image-preview:large, max-video-preview:-1\" \/>\n<link rel=\"canonical\" href=\"https:\/\/are-con.com\/distribution\/laminierbleche\/\" \/>\n<meta property=\"og:locale\" content=\"en_US\" \/>\n<meta property=\"og:type\" content=\"article\" \/>\n<meta property=\"og:title\" content=\"Lamination Plates - ARE CON GmbH &amp; Co. KG\" \/>\n<meta property=\"og:description\" content=\"Laminierbleche zur Herstellung von Chipkarten in verschiedenen Oberfl\u00e4chen und H\u00e4rtegraden, Spezialanwendungen wie Brailleschrift, taktile Oberfl\u00e4chen\" \/>\n<meta property=\"og:url\" content=\"https:\/\/are-con.com\/distribution\/laminierbleche\/\" \/>\n<meta property=\"og:site_name\" content=\"ARE CON GmbH &amp; Co. KG\" \/>\n<meta property=\"article:modified_time\" content=\"2016-08-12T14:07:44+00:00\" \/>\n<meta property=\"og:image\" content=\"https:\/\/are-con.com\/wp-content\/uploads\/2016\/03\/Fotolia_59257864_L-300x300.jpg\" \/>\n<meta name=\"twitter:card\" content=\"summary_large_image\" \/>\n<meta name=\"twitter:label1\" content=\"Est. reading time\" \/>\n\t<meta name=\"twitter:data1\" content=\"1 minute\" \/>\n<script type=\"application\/ld+json\" class=\"yoast-schema-graph\">{\"@context\":\"https:\/\/schema.org\",\"@graph\":[{\"@type\":\"WebPage\",\"@id\":\"https:\/\/are-con.com\/distribution\/laminierbleche\/\",\"url\":\"https:\/\/are-con.com\/distribution\/laminierbleche\/\",\"name\":\"Lamination Plates - ARE CON GmbH &amp; Co. KG\",\"isPartOf\":{\"@id\":\"https:\/\/are-con.com\/#website\"},\"primaryImageOfPage\":{\"@id\":\"https:\/\/are-con.com\/distribution\/laminierbleche\/#primaryimage\"},\"image\":{\"@id\":\"https:\/\/are-con.com\/distribution\/laminierbleche\/#primaryimage\"},\"thumbnailUrl\":\"http:\/\/are-con.com\/wp-content\/uploads\/2016\/03\/Fotolia_59257864_L-300x300.jpg\",\"datePublished\":\"2014-03-26T16:08:25+00:00\",\"dateModified\":\"2016-08-12T14:07:44+00:00\",\"description\":\"Laminierbleche zur Herstellung von Chipkarten in verschiedenen Oberfl\u00e4chen und H\u00e4rtegraden, Spezialanwendungen wie Brailleschrift, taktile Oberfl\u00e4chen\",\"breadcrumb\":{\"@id\":\"https:\/\/are-con.com\/distribution\/laminierbleche\/#breadcrumb\"},\"inLanguage\":\"en-US\",\"potentialAction\":[{\"@type\":\"ReadAction\",\"target\":[\"https:\/\/are-con.com\/distribution\/laminierbleche\/\"]}]},{\"@type\":\"ImageObject\",\"inLanguage\":\"en-US\",\"@id\":\"https:\/\/are-con.com\/distribution\/laminierbleche\/#primaryimage\",\"url\":\"http:\/\/are-con.com\/wp-content\/uploads\/2016\/03\/Fotolia_59257864_L-300x300.jpg\",\"contentUrl\":\"http:\/\/are-con.com\/wp-content\/uploads\/2016\/03\/Fotolia_59257864_L-300x300.jpg\"},{\"@type\":\"BreadcrumbList\",\"@id\":\"https:\/\/are-con.com\/distribution\/laminierbleche\/#breadcrumb\",\"itemListElement\":[{\"@type\":\"ListItem\",\"position\":1,\"name\":\"Startseite\",\"item\":\"https:\/\/are-con.com\/\"},{\"@type\":\"ListItem\",\"position\":2,\"name\":\"PRODUCTS\",\"item\":\"https:\/\/are-con.com\/en\/distribution\/\"},{\"@type\":\"ListItem\",\"position\":3,\"name\":\"Laminierbleche\"}]},{\"@type\":\"WebSite\",\"@id\":\"https:\/\/are-con.com\/#website\",\"url\":\"https:\/\/are-con.com\/\",\"name\":\"ARE CON GmbH &amp; Co. KG\",\"description\":\"We ARE CONnecting business partners\",\"potentialAction\":[{\"@type\":\"SearchAction\",\"target\":{\"@type\":\"EntryPoint\",\"urlTemplate\":\"https:\/\/are-con.com\/?s={search_term_string}\"},\"query-input\":{\"@type\":\"PropertyValueSpecification\",\"valueRequired\":true,\"valueName\":\"search_term_string\"}}],\"inLanguage\":\"en-US\"}]}<\/script>\n<!-- \/ Yoast SEO plugin. -->","yoast_head_json":{"title":"Lamination Plates - ARE CON GmbH &amp; Co. KG","description":"Laminierbleche zur Herstellung von Chipkarten in verschiedenen Oberfl\u00e4chen und H\u00e4rtegraden, Spezialanwendungen wie Brailleschrift, taktile Oberfl\u00e4chen","robots":{"index":"index","follow":"follow","max-snippet":"max-snippet:-1","max-image-preview":"max-image-preview:large","max-video-preview":"max-video-preview:-1"},"canonical":"https:\/\/are-con.com\/distribution\/laminierbleche\/","og_locale":"en_US","og_type":"article","og_title":"Lamination Plates - ARE CON GmbH &amp; Co. KG","og_description":"Laminierbleche zur Herstellung von Chipkarten in verschiedenen Oberfl\u00e4chen und H\u00e4rtegraden, Spezialanwendungen wie Brailleschrift, taktile Oberfl\u00e4chen","og_url":"https:\/\/are-con.com\/distribution\/laminierbleche\/","og_site_name":"ARE CON GmbH &amp; Co. KG","article_modified_time":"2016-08-12T14:07:44+00:00","og_image":[{"url":"https:\/\/are-con.com\/wp-content\/uploads\/2016\/03\/Fotolia_59257864_L-300x300.jpg","type":"","width":"","height":""}],"twitter_card":"summary_large_image","twitter_misc":{"Est. reading time":"1 minute"},"schema":{"@context":"https:\/\/schema.org","@graph":[{"@type":"WebPage","@id":"https:\/\/are-con.com\/distribution\/laminierbleche\/","url":"https:\/\/are-con.com\/distribution\/laminierbleche\/","name":"Lamination Plates - ARE CON GmbH &amp; Co. KG","isPartOf":{"@id":"https:\/\/are-con.com\/#website"},"primaryImageOfPage":{"@id":"https:\/\/are-con.com\/distribution\/laminierbleche\/#primaryimage"},"image":{"@id":"https:\/\/are-con.com\/distribution\/laminierbleche\/#primaryimage"},"thumbnailUrl":"http:\/\/are-con.com\/wp-content\/uploads\/2016\/03\/Fotolia_59257864_L-300x300.jpg","datePublished":"2014-03-26T16:08:25+00:00","dateModified":"2016-08-12T14:07:44+00:00","description":"Laminierbleche zur Herstellung von Chipkarten in verschiedenen Oberfl\u00e4chen und H\u00e4rtegraden, Spezialanwendungen wie Brailleschrift, taktile Oberfl\u00e4chen","breadcrumb":{"@id":"https:\/\/are-con.com\/distribution\/laminierbleche\/#breadcrumb"},"inLanguage":"en-US","potentialAction":[{"@type":"ReadAction","target":["https:\/\/are-con.com\/distribution\/laminierbleche\/"]}]},{"@type":"ImageObject","inLanguage":"en-US","@id":"https:\/\/are-con.com\/distribution\/laminierbleche\/#primaryimage","url":"http:\/\/are-con.com\/wp-content\/uploads\/2016\/03\/Fotolia_59257864_L-300x300.jpg","contentUrl":"http:\/\/are-con.com\/wp-content\/uploads\/2016\/03\/Fotolia_59257864_L-300x300.jpg"},{"@type":"BreadcrumbList","@id":"https:\/\/are-con.com\/distribution\/laminierbleche\/#breadcrumb","itemListElement":[{"@type":"ListItem","position":1,"name":"Startseite","item":"https:\/\/are-con.com\/"},{"@type":"ListItem","position":2,"name":"PRODUCTS","item":"https:\/\/are-con.com\/en\/distribution\/"},{"@type":"ListItem","position":3,"name":"Laminierbleche"}]},{"@type":"WebSite","@id":"https:\/\/are-con.com\/#website","url":"https:\/\/are-con.com\/","name":"ARE CON GmbH &amp; Co. KG","description":"We ARE CONnecting business partners","potentialAction":[{"@type":"SearchAction","target":{"@type":"EntryPoint","urlTemplate":"https:\/\/are-con.com\/?s={search_term_string}"},"query-input":{"@type":"PropertyValueSpecification","valueRequired":true,"valueName":"search_term_string"}}],"inLanguage":"en-US"}]}},"_links":{"self":[{"href":"https:\/\/are-con.com\/en\/wp-json\/wp\/v2\/pages\/17","targetHints":{"allow":["GET"]}}],"collection":[{"href":"https:\/\/are-con.com\/en\/wp-json\/wp\/v2\/pages"}],"about":[{"href":"https:\/\/are-con.com\/en\/wp-json\/wp\/v2\/types\/page"}],"author":[{"embeddable":true,"href":"https:\/\/are-con.com\/en\/wp-json\/wp\/v2\/users\/1"}],"replies":[{"embeddable":true,"href":"https:\/\/are-con.com\/en\/wp-json\/wp\/v2\/comments?post=17"}],"version-history":[{"count":32,"href":"https:\/\/are-con.com\/en\/wp-json\/wp\/v2\/pages\/17\/revisions"}],"predecessor-version":[{"id":1521,"href":"https:\/\/are-con.com\/en\/wp-json\/wp\/v2\/pages\/17\/revisions\/1521"}],"up":[{"embeddable":true,"href":"https:\/\/are-con.com\/en\/wp-json\/wp\/v2\/pages\/13"}],"wp:attachment":[{"href":"https:\/\/are-con.com\/en\/wp-json\/wp\/v2\/media?parent=17"}],"curies":[{"name":"wp","href":"https:\/\/api.w.org\/{rel}","templated":true}]}}