{"id":300,"date":"2016-04-11T14:21:07","date_gmt":"2016-04-11T12:21:07","guid":{"rendered":"http:\/\/are-con.com\/?page_id=300"},"modified":"2016-08-18T13:40:39","modified_gmt":"2016-08-18T11:40:39","slug":"nfc-inlays","status":"publish","type":"page","link":"https:\/\/are-con.com\/en\/distribution\/inlays-und-vorlaminate\/nfc-inlays\/","title":{"rendered":"NFC Inlays with 13,56 MHz"},"content":{"rendered":"<p>&nbsp;<\/p>\n<p><a href=\"http:\/\/are-con.com\/wp-content\/uploads\/2016\/04\/Fotolia_107557984_L.jpg\" rel=\"attachment wp-att-316\"><img loading=\"lazy\" decoding=\"async\" class=\"wp-image-316 size-medium alignleft\" src=\"http:\/\/are-con.com\/wp-content\/uploads\/2016\/04\/Fotolia_107557984_L-300x213.jpg\" alt=\"Concept about NFC technology enabling contactless mobile payment\" width=\"300\" height=\"213\" srcset=\"https:\/\/are-con.com\/wp-content\/uploads\/2016\/04\/Fotolia_107557984_L-300x213.jpg 300w, https:\/\/are-con.com\/wp-content\/uploads\/2016\/04\/Fotolia_107557984_L-768x544.jpg 768w, https:\/\/are-con.com\/wp-content\/uploads\/2016\/04\/Fotolia_107557984_L-1024x726.jpg 1024w\" sizes=\"auto, (max-width: 300px) 100vw, 300px\" \/><\/a><\/p>\n<p>&nbsp;<\/p>\n<p>&nbsp;<\/p>\n<p>&nbsp;<\/p>\n<p>&nbsp;<\/p>\n<p>&nbsp;<\/p>\n<p>&nbsp;<\/p>\n<p>&nbsp;<\/p>\n<p>&nbsp;<\/p>\n<table style=\"width: 496.74px; height: 797px;\">\n<tbody>\n<tr>\n<td style=\"border-color: #cc0000; width: 118px; background-color: #dcd7d7;\"><span style=\"color: #cc0000;\"><strong>MANUFACTURER<\/strong><\/span><\/td>\n<td style=\"border-color: #cc0000; width: 200px; background-color: #dcd7d7;\"><span style=\"color: #cc0000;\"><strong>CHIPTYPE<\/strong><\/span><\/td>\n<td style=\"border-color: #cc0000; width: 154.74px; background-color: #dcd7d7;\"><span style=\"color: #cc0000;\"><strong>\u00a0DATA SHEET<\/strong><\/span><\/td>\n<\/tr>\n<tr>\n<td style=\"width: 118px;\">NXP<\/td>\n<td style=\"width: 200px;\">NTAG 213<\/td>\n<td style=\"width: 154.74px;\"><span style=\"color: #cc0000;\"><a style=\"color: #cc0000;\" href=\"http:\/\/are-con.com\/wp-content\/uploads\/2016\/04\/NTAG213_215_216.pdf\">PDF<\/a><\/span><\/td>\n<\/tr>\n<tr>\n<td style=\"width: 118px;\">NXP<\/td>\n<td style=\"width: 200px;\">NTAG 216<\/td>\n<td style=\"width: 154.74px;\"><span style=\"color: #cc0000;\"><a style=\"color: #cc0000;\" href=\"http:\/\/are-con.com\/wp-content\/uploads\/2016\/04\/NTAG213_215_216.pdf\">PDF<\/a><\/span><\/td>\n<\/tr>\n<tr>\n<td style=\"width: 118px;\">NXP<\/td>\n<td style=\"width: 200px;\">Mifare Classic, 7Byte UID, 1K<\/td>\n<td style=\"width: 154.74px;\"><span style=\"color: #cc0000;\"><a style=\"color: #cc0000;\" href=\"http:\/\/are-con.com\/wp-content\/uploads\/2014\/03\/MIFARE_Classic_EV1-4.pdf\">PDF<\/a><\/span><\/td>\n<\/tr>\n<tr>\n<td style=\"width: 118px;\">NXP<\/td>\n<td style=\"width: 200px;\">Mifare Classic, 7Byte UID, 4K<\/td>\n<td style=\"width: 154.74px;\"><span style=\"color: #cc0000;\"><a style=\"color: #cc0000;\" href=\"http:\/\/are-con.com\/wp-content\/uploads\/2014\/03\/MIFARE_Classic_EV1-4.pdf\">PDF<\/a><\/span><\/td>\n<\/tr>\n<tr>\n<td style=\"width: 118px;\">NXP<\/td>\n<td style=\"width: 200px;\">Mifare Classic, 4Byte NON-UID, 1K EV1<\/td>\n<td style=\"width: 154.74px;\"><span style=\"color: #cc0000;\"><a style=\"color: #cc0000;\" href=\"http:\/\/are-con.com\/wp-content\/uploads\/2014\/03\/MIFARE_Classic_EV1-4.pdf\">PDF<\/a><\/span><\/td>\n<\/tr>\n<tr>\n<td style=\"width: 118px;\">NXP<\/td>\n<td style=\"width: 200px;\">Mifare Classic, 4Byte NON-UID, 4K EV1<\/td>\n<td style=\"width: 154.74px;\"><span style=\"color: #cc0000;\"><a style=\"color: #cc0000;\" href=\"http:\/\/are-con.com\/wp-content\/uploads\/2014\/03\/MIFARE_Classic_EV1-4.pdf\">PDF<\/a><\/span><\/td>\n<\/tr>\n<tr>\n<td style=\"width: 118px;\">NXP<\/td>\n<td style=\"width: 200px;\">Mifare Ultralight C<\/td>\n<td style=\"width: 154.74px;\"><span style=\"color: #cc0000;\"><a style=\"color: #cc0000;\" href=\"http:\/\/are-con.com\/wp-content\/uploads\/2014\/03\/MIFARE_Ultralight_C_.pdf\">PDF<\/a><\/span><\/td>\n<\/tr>\n<tr>\n<td style=\"width: 118px;\">NXP<\/td>\n<td style=\"width: 200px;\">Mifare Ultralight EV1<\/td>\n<td style=\"width: 154.74px;\"><span style=\"color: #cc0000;\"><a style=\"color: #cc0000;\" href=\"http:\/\/are-con.com\/wp-content\/uploads\/2014\/03\/MIFARE_Ultralight_EV1.pdf\">PDF<\/a><\/span><\/td>\n<\/tr>\n<tr>\n<td style=\"width: 118px;\">NXP<\/td>\n<td style=\"width: 200px;\">Mifare DESFire EV1 2K, 17 pF<\/td>\n<td style=\"width: 154.74px;\"><span style=\"color: #cc0000;\"><a style=\"color: #cc0000;\" href=\"http:\/\/are-con.com\/wp-content\/uploads\/2014\/03\/MF3ICD21_41_81_SDS.pdf\">PDF<\/a><\/span><\/td>\n<\/tr>\n<tr>\n<td style=\"width: 118px;\">NXP<\/td>\n<td style=\"width: 200px;\">Mifare DESFire EV1 4K, 17 pF<\/td>\n<td style=\"width: 154.74px;\"><span style=\"color: #cc0000;\"><a style=\"color: #cc0000;\" href=\"http:\/\/are-con.com\/wp-content\/uploads\/2014\/03\/MF3ICD21_41_81_SDS.pdf\">PDF<\/a><\/span><\/td>\n<\/tr>\n<tr>\n<td style=\"width: 118px;\">NXP<\/td>\n<td style=\"width: 200px;\">Mifare DESFire EV1 8K, 17 pF<\/td>\n<td style=\"width: 154.74px;\"><span style=\"color: #cc0000;\"><a style=\"color: #cc0000;\" href=\"http:\/\/are-con.com\/wp-content\/uploads\/2014\/03\/MF3ICD21_41_81_SDS.pdf\">PDF<\/a><\/span><\/td>\n<\/tr>\n<tr>\n<td style=\"width: 118px;\">NXP<\/td>\n<td style=\"width: 200px;\">Mifare DESFire EV1 2K, 70 pF<\/td>\n<td style=\"width: 154.74px;\"><span style=\"color: #cc0000;\"><a style=\"color: #cc0000;\" href=\"http:\/\/are-con.com\/wp-content\/uploads\/2014\/03\/MF3ICD21_41_81_SDS.pdf\">PDF<\/a><\/span><\/td>\n<\/tr>\n<tr>\n<td style=\"width: 118px;\">NXP<\/td>\n<td style=\"width: 200px;\">Mifare DESFire EV1 4K, 70 pF<\/td>\n<td style=\"width: 154.74px;\"><span style=\"color: #cc0000;\"><a style=\"color: #cc0000;\" href=\"http:\/\/are-con.com\/wp-content\/uploads\/2014\/03\/MF3ICD21_41_81_SDS.pdf\">PDF<\/a><\/span><\/td>\n<\/tr>\n<tr>\n<td style=\"width: 118px;\">NXP<\/td>\n<td style=\"width: 200px;\">Mifare DESFire EV1 8K, 70 pF<\/td>\n<td style=\"width: 154.74px;\"><span style=\"color: #cc0000;\"><a style=\"color: #cc0000;\" href=\"http:\/\/are-con.com\/wp-content\/uploads\/2014\/03\/MF3ICD21_41_81_SDS.pdf\">PDF<\/a><\/span><\/td>\n<\/tr>\n<tr>\n<td style=\"width: 118px;\">NXP<\/td>\n<td style=\"width: 200px;\">Mifare Plus X 2K<\/td>\n<td style=\"width: 154.74px;\"><span style=\"color: #cc0000;\"><a style=\"color: #cc0000;\" href=\"http:\/\/are-con.com\/wp-content\/uploads\/2014\/03\/MIFARE_Plus.pdf\">PDF<\/a><\/span><\/td>\n<\/tr>\n<tr>\n<td style=\"width: 118px;\">NXP<\/td>\n<td style=\"width: 200px;\">Mifare Plus X 4K<\/td>\n<td style=\"width: 154.74px;\"><span style=\"color: #cc0000;\"><a style=\"color: #cc0000;\" href=\"http:\/\/are-con.com\/wp-content\/uploads\/2014\/03\/MIFARE_Plus.pdf\">PDF<\/a><\/span><\/td>\n<\/tr>\n<tr>\n<td style=\"width: 118px;\">NXP<\/td>\n<td style=\"width: 200px;\">Mifare Plus S 1K<\/td>\n<td style=\"width: 154.74px;\"><span style=\"color: #cc0000;\"><a style=\"color: #cc0000;\" href=\"http:\/\/are-con.com\/wp-content\/uploads\/2014\/03\/MIFARE_Plus.pdf\">PDF<\/a><\/span><\/td>\n<\/tr>\n<tr>\n<td style=\"width: 118px;\">NXP<\/td>\n<td style=\"width: 200px;\">Mifare Plus S 2K<\/td>\n<td style=\"width: 154.74px;\"><span style=\"color: #cc0000;\"><a style=\"color: #cc0000;\" href=\"http:\/\/are-con.com\/wp-content\/uploads\/2014\/03\/MIFARE_Plus.pdf\">PDF<\/a><\/span><\/td>\n<\/tr>\n<tr>\n<td style=\"width: 118px;\">NXP<\/td>\n<td style=\"width: 200px;\">Mifare Plus S 4K<\/td>\n<td style=\"width: 154.74px;\"><span style=\"color: #cc0000;\"><a style=\"color: #cc0000;\" href=\"http:\/\/are-con.com\/wp-content\/uploads\/2014\/03\/MIFARE_Plus.pdf\">PDF<\/a><\/span><\/td>\n<\/tr>\n<tr>\n<td style=\"width: 118px;\">Infineon<\/td>\n<td style=\"width: 200px;\">Mifare SLE66R35<\/td>\n<td style=\"width: 154.74px;\"><span style=\"color: #cc0000;\"><a style=\"color: #cc0000;\" href=\"http:\/\/are-con.com\/wp-content\/uploads\/2014\/03\/Infineon-SLE_66R35E7-PI-v02_12-EN.pdf\">PDF<\/a><\/span><\/td>\n<\/tr>\n<tr>\n<td style=\"width: 118px;\">Legic<\/td>\n<td style=\"width: 200px;\">Advant MIM 2048<\/td>\n<td style=\"width: 154.74px;\"><span style=\"color: #cc0000;\"><a style=\"color: #cc0000;\" href=\"http:\/\/are-con.com\/wp-content\/uploads\/2014\/03\/MIM-256-1024.pdf\">PDF<\/a><\/span><\/td>\n<\/tr>\n<tr>\n<td style=\"width: 118px;\">Legic<\/td>\n<td style=\"width: 200px;\">Advant MIM 4096<\/td>\n<td style=\"width: 154.74px;\"><span style=\"color: #cc0000;\"><a style=\"color: #cc0000;\" href=\"http:\/\/are-con.com\/wp-content\/uploads\/2014\/03\/MIM-256-1024.pdf\">PDF<\/a><\/span><\/td>\n<\/tr>\n<tr>\n<td style=\"width: 118px;\">Legic<\/td>\n<td style=\"width: 200px;\">CTC 4096<\/td>\n<td style=\"width: 154.74px;\"><span style=\"color: #cc0000;\"><a style=\"color: #cc0000;\" href=\"http:\/\/are-con.com\/wp-content\/uploads\/2014\/03\/legic-advant-overview-en-1.pdf\">PDF<\/a><\/span><\/td>\n<\/tr>\n<\/tbody>\n<\/table>\n<p>&nbsp;<\/p>\n<p><strong><span style=\"color: #cc0000;\">Typical applications<\/span><\/strong><\/p>\n<ul style=\"list-style-type: square;\">\n<li>Public Transport<\/li>\n<li>Electronic Payment<\/li>\n<li>Access Control<\/li>\n<\/ul>\n<p>&nbsp;<\/p>\n<p>&nbsp;<\/p>\n","protected":false},"excerpt":{"rendered":"<p>&nbsp; &nbsp; &nbsp; &nbsp; &nbsp; &nbsp; &nbsp; &nbsp; &nbsp; MANUFACTURER CHIPTYPE \u00a0DATA SHEET NXP NTAG 213 PDF NXP NTAG 216 PDF NXP Mifare Classic, 7Byte UID, 1K PDF NXP Mifare Classic, 7Byte UID, 4K PDF NXP Mifare Classic, 4Byte NON-UID, 1K EV1 PDF NXP Mifare Classic, 4Byte NON-UID, 4K EV1<a href=\"https:\/\/are-con.com\/en\/distribution\/inlays-und-vorlaminate\/nfc-inlays\/\" class=\"read-more\">Read More<span> ><\/span><\/a><\/p>\n","protected":false},"author":3,"featured_media":0,"parent":15,"menu_order":60,"comment_status":"closed","ping_status":"closed","template":"","meta":{"footnotes":""},"class_list":["post-300","page","type-page","status-publish","hentry"],"yoast_head":"<!-- This site is optimized with the Yoast SEO plugin v27.0 - https:\/\/yoast.com\/product\/yoast-seo-wordpress\/ -->\n<title>NFC Inlays with 13,56 MHz - ARE CON GmbH &amp; Co. KG<\/title>\n<meta name=\"description\" content=\"NFC Inlays mit 13,56 MHz von verschiedenen Herstellern und in unterschiedlichen Speichergr\u00f6\u00dfen, NXP, Legic, Infineon f\u00fcr Mobile Payment, Zugangskontrolle\" \/>\n<meta name=\"robots\" content=\"index, follow, max-snippet:-1, max-image-preview:large, max-video-preview:-1\" \/>\n<link rel=\"canonical\" href=\"https:\/\/are-con.com\/distribution\/inlays-und-vorlaminate\/nfc-inlays\/\" \/>\n<meta property=\"og:locale\" content=\"en_US\" \/>\n<meta property=\"og:type\" content=\"article\" \/>\n<meta property=\"og:title\" content=\"NFC Inlays with 13,56 MHz - ARE CON GmbH &amp; Co. KG\" \/>\n<meta property=\"og:description\" content=\"NFC Inlays mit 13,56 MHz von verschiedenen Herstellern und in unterschiedlichen Speichergr\u00f6\u00dfen, NXP, Legic, Infineon f\u00fcr Mobile Payment, Zugangskontrolle\" \/>\n<meta property=\"og:url\" content=\"https:\/\/are-con.com\/distribution\/inlays-und-vorlaminate\/nfc-inlays\/\" \/>\n<meta property=\"og:site_name\" content=\"ARE CON GmbH &amp; Co. KG\" \/>\n<meta property=\"article:modified_time\" content=\"2016-08-18T11:40:39+00:00\" \/>\n<meta property=\"og:image\" content=\"https:\/\/are-con.com\/wp-content\/uploads\/2016\/04\/Fotolia_107557984_L-300x213.jpg\" \/>\n<meta name=\"twitter:card\" content=\"summary_large_image\" \/>\n<meta name=\"twitter:label1\" content=\"Est. reading time\" \/>\n\t<meta name=\"twitter:data1\" content=\"1 minute\" \/>\n<script type=\"application\/ld+json\" class=\"yoast-schema-graph\">{\"@context\":\"https:\/\/schema.org\",\"@graph\":[{\"@type\":\"WebPage\",\"@id\":\"https:\/\/are-con.com\/distribution\/inlays-und-vorlaminate\/nfc-inlays\/\",\"url\":\"https:\/\/are-con.com\/distribution\/inlays-und-vorlaminate\/nfc-inlays\/\",\"name\":\"NFC Inlays with 13,56 MHz - ARE CON GmbH &amp; Co. KG\",\"isPartOf\":{\"@id\":\"https:\/\/are-con.com\/#website\"},\"primaryImageOfPage\":{\"@id\":\"https:\/\/are-con.com\/distribution\/inlays-und-vorlaminate\/nfc-inlays\/#primaryimage\"},\"image\":{\"@id\":\"https:\/\/are-con.com\/distribution\/inlays-und-vorlaminate\/nfc-inlays\/#primaryimage\"},\"thumbnailUrl\":\"http:\/\/are-con.com\/wp-content\/uploads\/2016\/04\/Fotolia_107557984_L-300x213.jpg\",\"datePublished\":\"2016-04-11T12:21:07+00:00\",\"dateModified\":\"2016-08-18T11:40:39+00:00\",\"description\":\"NFC Inlays mit 13,56 MHz von verschiedenen Herstellern und in unterschiedlichen Speichergr\u00f6\u00dfen, NXP, Legic, Infineon f\u00fcr Mobile Payment, Zugangskontrolle\",\"breadcrumb\":{\"@id\":\"https:\/\/are-con.com\/distribution\/inlays-und-vorlaminate\/nfc-inlays\/#breadcrumb\"},\"inLanguage\":\"en-US\",\"potentialAction\":[{\"@type\":\"ReadAction\",\"target\":[\"https:\/\/are-con.com\/distribution\/inlays-und-vorlaminate\/nfc-inlays\/\"]}]},{\"@type\":\"ImageObject\",\"inLanguage\":\"en-US\",\"@id\":\"https:\/\/are-con.com\/distribution\/inlays-und-vorlaminate\/nfc-inlays\/#primaryimage\",\"url\":\"http:\/\/are-con.com\/wp-content\/uploads\/2016\/04\/Fotolia_107557984_L-300x213.jpg\",\"contentUrl\":\"http:\/\/are-con.com\/wp-content\/uploads\/2016\/04\/Fotolia_107557984_L-300x213.jpg\"},{\"@type\":\"BreadcrumbList\",\"@id\":\"https:\/\/are-con.com\/distribution\/inlays-und-vorlaminate\/nfc-inlays\/#breadcrumb\",\"itemListElement\":[{\"@type\":\"ListItem\",\"position\":1,\"name\":\"Startseite\",\"item\":\"https:\/\/are-con.com\/\"},{\"@type\":\"ListItem\",\"position\":2,\"name\":\"PRODUCTS\",\"item\":\"https:\/\/are-con.com\/en\/distribution\/\"},{\"@type\":\"ListItem\",\"position\":3,\"name\":\"Inlays and Prelaminates\",\"item\":\"https:\/\/are-con.com\/en\/distribution\/inlays-und-vorlaminate\/\"},{\"@type\":\"ListItem\",\"position\":4,\"name\":\"NFC Inlays mit 13,56 MHz\"}]},{\"@type\":\"WebSite\",\"@id\":\"https:\/\/are-con.com\/#website\",\"url\":\"https:\/\/are-con.com\/\",\"name\":\"ARE CON GmbH &amp; Co. KG\",\"description\":\"We ARE CONnecting business partners\",\"potentialAction\":[{\"@type\":\"SearchAction\",\"target\":{\"@type\":\"EntryPoint\",\"urlTemplate\":\"https:\/\/are-con.com\/?s={search_term_string}\"},\"query-input\":{\"@type\":\"PropertyValueSpecification\",\"valueRequired\":true,\"valueName\":\"search_term_string\"}}],\"inLanguage\":\"en-US\"}]}<\/script>\n<!-- \/ Yoast SEO plugin. -->","yoast_head_json":{"title":"NFC Inlays with 13,56 MHz - ARE CON GmbH &amp; Co. KG","description":"NFC Inlays mit 13,56 MHz von verschiedenen Herstellern und in unterschiedlichen Speichergr\u00f6\u00dfen, NXP, Legic, Infineon f\u00fcr Mobile Payment, Zugangskontrolle","robots":{"index":"index","follow":"follow","max-snippet":"max-snippet:-1","max-image-preview":"max-image-preview:large","max-video-preview":"max-video-preview:-1"},"canonical":"https:\/\/are-con.com\/distribution\/inlays-und-vorlaminate\/nfc-inlays\/","og_locale":"en_US","og_type":"article","og_title":"NFC Inlays with 13,56 MHz - ARE CON GmbH &amp; Co. KG","og_description":"NFC Inlays mit 13,56 MHz von verschiedenen Herstellern und in unterschiedlichen Speichergr\u00f6\u00dfen, NXP, Legic, Infineon f\u00fcr Mobile Payment, Zugangskontrolle","og_url":"https:\/\/are-con.com\/distribution\/inlays-und-vorlaminate\/nfc-inlays\/","og_site_name":"ARE CON GmbH &amp; Co. KG","article_modified_time":"2016-08-18T11:40:39+00:00","og_image":[{"url":"https:\/\/are-con.com\/wp-content\/uploads\/2016\/04\/Fotolia_107557984_L-300x213.jpg","type":"","width":"","height":""}],"twitter_card":"summary_large_image","twitter_misc":{"Est. reading time":"1 minute"},"schema":{"@context":"https:\/\/schema.org","@graph":[{"@type":"WebPage","@id":"https:\/\/are-con.com\/distribution\/inlays-und-vorlaminate\/nfc-inlays\/","url":"https:\/\/are-con.com\/distribution\/inlays-und-vorlaminate\/nfc-inlays\/","name":"NFC Inlays with 13,56 MHz - ARE CON GmbH &amp; Co. KG","isPartOf":{"@id":"https:\/\/are-con.com\/#website"},"primaryImageOfPage":{"@id":"https:\/\/are-con.com\/distribution\/inlays-und-vorlaminate\/nfc-inlays\/#primaryimage"},"image":{"@id":"https:\/\/are-con.com\/distribution\/inlays-und-vorlaminate\/nfc-inlays\/#primaryimage"},"thumbnailUrl":"http:\/\/are-con.com\/wp-content\/uploads\/2016\/04\/Fotolia_107557984_L-300x213.jpg","datePublished":"2016-04-11T12:21:07+00:00","dateModified":"2016-08-18T11:40:39+00:00","description":"NFC Inlays mit 13,56 MHz von verschiedenen Herstellern und in unterschiedlichen Speichergr\u00f6\u00dfen, NXP, Legic, Infineon f\u00fcr Mobile Payment, Zugangskontrolle","breadcrumb":{"@id":"https:\/\/are-con.com\/distribution\/inlays-und-vorlaminate\/nfc-inlays\/#breadcrumb"},"inLanguage":"en-US","potentialAction":[{"@type":"ReadAction","target":["https:\/\/are-con.com\/distribution\/inlays-und-vorlaminate\/nfc-inlays\/"]}]},{"@type":"ImageObject","inLanguage":"en-US","@id":"https:\/\/are-con.com\/distribution\/inlays-und-vorlaminate\/nfc-inlays\/#primaryimage","url":"http:\/\/are-con.com\/wp-content\/uploads\/2016\/04\/Fotolia_107557984_L-300x213.jpg","contentUrl":"http:\/\/are-con.com\/wp-content\/uploads\/2016\/04\/Fotolia_107557984_L-300x213.jpg"},{"@type":"BreadcrumbList","@id":"https:\/\/are-con.com\/distribution\/inlays-und-vorlaminate\/nfc-inlays\/#breadcrumb","itemListElement":[{"@type":"ListItem","position":1,"name":"Startseite","item":"https:\/\/are-con.com\/"},{"@type":"ListItem","position":2,"name":"PRODUCTS","item":"https:\/\/are-con.com\/en\/distribution\/"},{"@type":"ListItem","position":3,"name":"Inlays and Prelaminates","item":"https:\/\/are-con.com\/en\/distribution\/inlays-und-vorlaminate\/"},{"@type":"ListItem","position":4,"name":"NFC Inlays mit 13,56 MHz"}]},{"@type":"WebSite","@id":"https:\/\/are-con.com\/#website","url":"https:\/\/are-con.com\/","name":"ARE CON GmbH &amp; Co. KG","description":"We ARE CONnecting business partners","potentialAction":[{"@type":"SearchAction","target":{"@type":"EntryPoint","urlTemplate":"https:\/\/are-con.com\/?s={search_term_string}"},"query-input":{"@type":"PropertyValueSpecification","valueRequired":true,"valueName":"search_term_string"}}],"inLanguage":"en-US"}]}},"_links":{"self":[{"href":"https:\/\/are-con.com\/en\/wp-json\/wp\/v2\/pages\/300","targetHints":{"allow":["GET"]}}],"collection":[{"href":"https:\/\/are-con.com\/en\/wp-json\/wp\/v2\/pages"}],"about":[{"href":"https:\/\/are-con.com\/en\/wp-json\/wp\/v2\/types\/page"}],"author":[{"embeddable":true,"href":"https:\/\/are-con.com\/en\/wp-json\/wp\/v2\/users\/3"}],"replies":[{"embeddable":true,"href":"https:\/\/are-con.com\/en\/wp-json\/wp\/v2\/comments?post=300"}],"version-history":[{"count":15,"href":"https:\/\/are-con.com\/en\/wp-json\/wp\/v2\/pages\/300\/revisions"}],"predecessor-version":[{"id":1549,"href":"https:\/\/are-con.com\/en\/wp-json\/wp\/v2\/pages\/300\/revisions\/1549"}],"up":[{"embeddable":true,"href":"https:\/\/are-con.com\/en\/wp-json\/wp\/v2\/pages\/15"}],"wp:attachment":[{"href":"https:\/\/are-con.com\/en\/wp-json\/wp\/v2\/media?parent=300"}],"curies":[{"name":"wp","href":"https:\/\/api.w.org\/{rel}","templated":true}]}}